{"id":5248,"date":"2023-04-20T14:45:16","date_gmt":"2023-04-20T12:45:16","guid":{"rendered":"https:\/\/aponi-innovation.de\/privacy-policy\/"},"modified":"2025-07-12T19:37:01","modified_gmt":"2025-07-12T17:37:01","slug":"privacy-policy","status":"publish","type":"page","link":"https:\/\/aponi-innovation.de\/en\/privacy-policy\/","title":{"rendered":"Privacy Policy"},"content":{"rendered":"<div class=\"wpb-content-wrapper\"><p>[vc_row el_class=&#8221;pt-5 pt-md-0&#8243; top_section_title=&#8221;&#8221; bottom_section_title=&#8221;&#8221;][vc_column][vc_column_text]<\/p>\nWir freuen uns \u00fcber Ihren Besuch auf unseren Webseiten. Nachfolgend m\u00f6chten wir Sie \u00fcber den Umgang mit Ihren Daten gem. Art. 13 Datenschutzgrundverordnung (DSGVO) informieren.\r\n<p>&nbsp;<\/p>\n&#13;\n<h2 class=\"wp-block-heading\">1. Responsible Person<\/h2>&#13;\n<p>\nVerantwortlich f\u00fcr die nachfolgend dargestellte Datenerhebung und -verarbeitung ist die im\u00a0<a href=\"http:\/\/aponi-innovation.de\/impressum\/\" target=\"_blank\" rel=\"noreferrer noopener\">Impressum<\/a>\u00a0genannte Stelle.&#13;\n<p>&nbsp;<\/p>\n&#13;\n<h2 class=\"wp-block-heading\">2. Storage of the IP Address<\/h2>&#13;\n<p>\nWir speichern die von Ihrem Webbrowser \u00fcbermittelte IP-Adresse streng zweckgebunden f\u00fcr die Dauer von sieben Tagen, in dem Interesse, Angriffe auf unsere Webseiten erkennen, eingrenzen und beseitigen zu k\u00f6nnen. Nach Ablauf dieser Zeitspanne l\u00f6schen bzw. anonymisieren wir die IP-Adresse. Rechtsgrundlage ist Art. 6 Abs. 1 S. 1 lit. f DSGVO.\r\n<p>&nbsp;<\/p>\n&#13;\n<h2 class=\"wp-block-heading\">3. Usage Data<\/h2>&#13;\n<p>\nWenn Sie unsere Webseiten besuchen, werden auf unserem Webserver tempor\u00e4r sogenannte Nutzungsdaten zu statistischen Zwecken als Protokoll gespeichert, um die Qualit\u00e4t unserer Webseiten zu verbessern. Dieser Datensatz besteht aus der Seite, von der aus die Datei angefordert wurde, dem Namen der Datei, dem Datum und der Uhrzeit der Abfrage, der \u00fcbertragenen Datenmenge, dem Zugriffsstatus (Datei \u00fcbertragen, Datei nicht gefunden), der Beschreibung des Typs des verwendeten Webbrowsers, der IP-Adresse des anfragenden Rechners, die so verk\u00fcrzt wird, dass ein Personenbezug nicht mehr herstellbar ist. Die genannten Protokolldaten werden nur anonymisiert gespeichert.\r\n<p>\n<strong>Daten\u00fcbermittlung an Dritte<\/strong><br\/>Wir \u00fcbermitteln Ihre personenbezogenen Daten nicht an Dritte.&#13;\n<p>&nbsp;<\/p>\n&#13;\n<h2 class=\"wp-block-heading\">4. Contact Form<\/h2>&#13;\n<p>\nSie haben die M\u00f6glichkeit, mit uns \u00fcber ein Webformular in Kontakt zu treten. Zur Nutzung unseres Kontaktformulars ben\u00f6tigen wir Ihren Namen und Ihre E-Mail-Adresse. Weitere Angaben k\u00f6nnen Sie mitteilen, m\u00fcssen dies jedoch nicht.\r\n<p>\nMit dem Versenden dieses Mailformulars erkl\u00e4ren Sie sich damit einverstanden, dass die von Ihnen angegebenen Daten elektronisch erfasst und gespeichert werden. Rechtsgrundlage der Verarbeitung ist Art. 6 Abs. 1 S. 1 lit. a DSGVO. Wir verwenden Ihre Daten ausschlie\u00dflich zur Bearbeitung Ihrer Anfrage. Ihre Einwilligung kann jederzeit widerrufen werden, z.B. per E-Mail an info@aponi-innovation.de.\r\n<p>&nbsp;<\/p>\n&#13;\n<h2 class=\"wp-block-heading\">6. Explanations of the Safety Measures<\/h2>&#13;\n<p>\n<strong>Datensicherheit<br\/><\/strong>Um Ihre Daten vor unerw\u00fcnschten Zugriffen m\u00f6glichst umfassend zu sch\u00fctzen, treffen wir technische und organisatorische Ma\u00dfnahmen.&#13;\n<p>\n<strong>Ihre Rechte als Nutzer<br\/><\/strong>Bei Verarbeitung Ihrer personenbezogenen Daten gew\u00e4hrt die DSGVO Ihnen als Webseitennutzer bestimmte Rechte:&#13;\n<p>\nAuskunftsrecht (Art. 15 DSGVO):\u00a0Sie haben das Recht eine Best\u00e4tigung dar\u00fcber zu verlangen, ob sie betreffende personenbezogene Daten verarbeitet werden; ist dies der Fall, so haben Sie ein Recht auf Auskunft \u00fcber diese personenbezogenen Daten und auf die in Art. 15 DSGVO im einzelnen aufgef\u00fchrten Informationen.\r\n<p>\nRecht auf Berichtigung und L\u00f6schung (Art. 16 und 17 DSGVO): Sie haben das Recht, unverz\u00fcglich die Berichtigung sie betreffender unrichtiger personenbezogener Daten und ggf. die Vervollst\u00e4ndigung unvollst\u00e4ndiger personenbezogener Daten zu verlangen. Sie haben zudem das Recht, zu verlangen, dass sie betreffende personenbezogene Daten unverz\u00fcglich gel\u00f6scht werden, sofern einer der in Art. 17 DSGVO im einzelnen aufgef\u00fchrten Gr\u00fcnde zutrifft, z. B. wenn die Daten f\u00fcr die verfolgten Zwecke nicht mehr ben\u00f6tigt werden\r\n<p>\nRecht auf Einschr\u00e4nkung der Verarbeitung (Art. 18 DSGVO): Sie haben das Recht, die Einschr\u00e4nkung der Verarbeitung zu verlangen, wenn eine der in Art. 18 DSGVO aufgef\u00fchrten Voraussetzungen gegeben ist, z. B. wenn Sie Widerspruch gegen die Verarbeitung eingelegt haben, f\u00fcr die Dauer einer etwaigen Pr\u00fcfung.\r\n<p>\nRecht auf Daten\u00fcbertragbarkeit (Art. 20 DSGVO): In bestimmten F\u00e4llen, die in Art. 20 DSGVO im Einzelnen aufgef\u00fchrt werden, haben Sie das Recht, die sie betreffenden personenbezogenen Daten in einem strukturierten, g\u00e4ngigen und maschinenlesbaren Format zu erhalten bzw. die \u00dcbermittlung dieser Daten an einen Dritten zu verlangen.\r\n<p>\nWiderspruchsrecht (Art. 21 DSGVO):\u00a0Werden Daten auf Grundlage von Art. 6 Abs. 1 S. 1 lit. f erhoben (Datenverarbeitung zur Wahrung berechtigter Interessen), steht Ihnen das Recht zu, aus Gr\u00fcnden, die sich aus Ihrer besonderen Situation ergeben, jederzeit gegen die Verarbeitung Widerspruch einzulegen. Wir verarbeiten die personenbezogenen Daten dann nicht mehr, es sei denn, es liegen nachweisbar zwingende schutzw\u00fcrdige Gr\u00fcnde f\u00fcr die Verarbeitung vor, die die Interessen, Rechte und Freiheiten der betroffenen Person \u00fcberwiegen, oder die Verarbeitung dient der Geltendmachung, Aus\u00fcbung oder Verteidigung von Rechtsanspr\u00fcchen.\r\n<p>\nBeschwerderecht bei einer Aufsichtsbeh\u00f6rde: Sie haben gem. Art. 77 DSGVO das Recht auf Beschwerde bei einer Aufsichtsbeh\u00f6rde, wenn Sie der Ansicht sind, dass die Verarbeitung der Sie betreffenden Daten gegen datenschutzrechtliche Bestimmungen verst\u00f6\u00dft. Das Beschwerderecht kann insbesondere bei einer Aufsichtsbeh\u00f6rde in dem Mitgliedstaat Ihres Aufenthaltsorts, Ihres Arbeitsplatzes oder des Orts des mutma\u00dflichen Versto\u00dfes geltend gemacht werden.&#13;\n<p><\/p><p>[\/vc_column_text][\/vc_column][\/vc_row]<\/p>\n<\/div>","protected":false},"excerpt":{"rendered":"<p>[vc_row el_class=&#8221;pt-5 pt-md-0&#8243; top_section_title=&#8221;&#8221; bottom_section_title=&#8221;&#8221;][vc_column][vc_column_text] Wir freuen uns \u00fcber Ihren Besuch auf unseren Webseiten. Nachfolgend m\u00f6chten wir Sie \u00fcber den [&hellip;]<\/p>\n","protected":false},"author":1,"featured_media":0,"parent":0,"menu_order":0,"comment_status":"closed","ping_status":"closed","template":"","meta":{"footnotes":""},"class_list":["post-5248","page","type-page","status-publish","hentry"],"yoast_head":"<!-- This site is optimized with the Yoast SEO plugin v27.5 - https:\/\/yoast.com\/product\/yoast-seo-wordpress\/ -->\n<title>Privacy Policy - Aponi-Innovation GmbH<\/title>\n<meta name=\"robots\" content=\"index, follow, max-snippet:-1, max-image-preview:large, max-video-preview:-1\" \/>\n<link rel=\"canonical\" href=\"https:\/\/aponi-innovation.de\/en\/privacy-policy\/\" \/>\n<meta property=\"og:locale\" content=\"en_US\" \/>\n<meta property=\"og:type\" content=\"article\" \/>\n<meta property=\"og:title\" content=\"Privacy Policy - Aponi-Innovation GmbH\" \/>\n<meta property=\"og:description\" content=\"[vc_row el_class=&#8221;pt-5 pt-md-0&#8243; top_section_title=&#8221;&#8221; bottom_section_title=&#8221;&#8221;][vc_column][vc_column_text] Wir freuen uns \u00fcber Ihren Besuch auf unseren Webseiten. Nachfolgend m\u00f6chten wir Sie \u00fcber den [&hellip;]\" \/>\n<meta property=\"og:url\" content=\"https:\/\/aponi-innovation.de\/en\/privacy-policy\/\" \/>\n<meta property=\"og:site_name\" content=\"Aponi-Innovation GmbH\" \/>\n<meta property=\"article:modified_time\" content=\"2025-07-12T17:37:01+00:00\" \/>\n<meta name=\"twitter:card\" content=\"summary_large_image\" \/>\n<meta name=\"twitter:label1\" content=\"Est. reading time\" \/>\n\t<meta name=\"twitter:data1\" content=\"4 minutes\" \/>\n<script type=\"application\/ld+json\" class=\"yoast-schema-graph\">{\"@context\":\"https:\\\/\\\/schema.org\",\"@graph\":[{\"@type\":\"WebPage\",\"@id\":\"https:\\\/\\\/aponi-innovation.de\\\/en\\\/privacy-policy\\\/\",\"url\":\"https:\\\/\\\/aponi-innovation.de\\\/en\\\/privacy-policy\\\/\",\"name\":\"Privacy Policy - Aponi-Innovation GmbH\",\"isPartOf\":{\"@id\":\"https:\\\/\\\/aponi-innovation.de\\\/en\\\/#website\"},\"datePublished\":\"2023-04-20T12:45:16+00:00\",\"dateModified\":\"2025-07-12T17:37:01+00:00\",\"breadcrumb\":{\"@id\":\"https:\\\/\\\/aponi-innovation.de\\\/en\\\/privacy-policy\\\/#breadcrumb\"},\"inLanguage\":\"en-US\",\"potentialAction\":[{\"@type\":\"ReadAction\",\"target\":[\"https:\\\/\\\/aponi-innovation.de\\\/en\\\/privacy-policy\\\/\"]}]},{\"@type\":\"BreadcrumbList\",\"@id\":\"https:\\\/\\\/aponi-innovation.de\\\/en\\\/privacy-policy\\\/#breadcrumb\",\"itemListElement\":[{\"@type\":\"ListItem\",\"position\":1,\"name\":\"Startseite\",\"item\":\"https:\\\/\\\/aponi-innovation.de\\\/en\\\/\"},{\"@type\":\"ListItem\",\"position\":2,\"name\":\"Privacy Policy\"}]},{\"@type\":\"WebSite\",\"@id\":\"https:\\\/\\\/aponi-innovation.de\\\/en\\\/#website\",\"url\":\"https:\\\/\\\/aponi-innovation.de\\\/en\\\/\",\"name\":\"Aponi-Innovation GmbH\",\"description\":\"\",\"publisher\":{\"@id\":\"https:\\\/\\\/aponi-innovation.de\\\/en\\\/#organization\"},\"potentialAction\":[{\"@type\":\"SearchAction\",\"target\":{\"@type\":\"EntryPoint\",\"urlTemplate\":\"https:\\\/\\\/aponi-innovation.de\\\/en\\\/?s={search_term_string}\"},\"query-input\":{\"@type\":\"PropertyValueSpecification\",\"valueRequired\":true,\"valueName\":\"search_term_string\"}}],\"inLanguage\":\"en-US\"},{\"@type\":\"Organization\",\"@id\":\"https:\\\/\\\/aponi-innovation.de\\\/en\\\/#organization\",\"name\":\"Omega Tools\",\"url\":\"https:\\\/\\\/aponi-innovation.de\\\/en\\\/\",\"logo\":{\"@type\":\"ImageObject\",\"inLanguage\":\"en-US\",\"@id\":\"https:\\\/\\\/aponi-innovation.de\\\/en\\\/#\\\/schema\\\/logo\\\/image\\\/\",\"url\":\"https:\\\/\\\/tools.omega-drones.de\\\/wp-content\\\/uploads\\\/2023\\\/03\\\/omega-tools-logo-center_4c-Kopie.jpg\",\"contentUrl\":\"https:\\\/\\\/tools.omega-drones.de\\\/wp-content\\\/uploads\\\/2023\\\/03\\\/omega-tools-logo-center_4c-Kopie.jpg\",\"width\":1363,\"height\":1138,\"caption\":\"Omega Tools\"},\"image\":{\"@id\":\"https:\\\/\\\/aponi-innovation.de\\\/en\\\/#\\\/schema\\\/logo\\\/image\\\/\"}}]}<\/script>\n<!-- \/ Yoast SEO plugin. -->","yoast_head_json":{"title":"Privacy Policy - Aponi-Innovation GmbH","robots":{"index":"index","follow":"follow","max-snippet":"max-snippet:-1","max-image-preview":"max-image-preview:large","max-video-preview":"max-video-preview:-1"},"canonical":"https:\/\/aponi-innovation.de\/en\/privacy-policy\/","og_locale":"en_US","og_type":"article","og_title":"Privacy Policy - Aponi-Innovation GmbH","og_description":"[vc_row el_class=&#8221;pt-5 pt-md-0&#8243; top_section_title=&#8221;&#8221; bottom_section_title=&#8221;&#8221;][vc_column][vc_column_text] Wir freuen uns \u00fcber Ihren Besuch auf unseren Webseiten. Nachfolgend m\u00f6chten wir Sie \u00fcber den [&hellip;]","og_url":"https:\/\/aponi-innovation.de\/en\/privacy-policy\/","og_site_name":"Aponi-Innovation GmbH","article_modified_time":"2025-07-12T17:37:01+00:00","twitter_card":"summary_large_image","twitter_misc":{"Est. reading time":"4 minutes"},"schema":{"@context":"https:\/\/schema.org","@graph":[{"@type":"WebPage","@id":"https:\/\/aponi-innovation.de\/en\/privacy-policy\/","url":"https:\/\/aponi-innovation.de\/en\/privacy-policy\/","name":"Privacy Policy - Aponi-Innovation GmbH","isPartOf":{"@id":"https:\/\/aponi-innovation.de\/en\/#website"},"datePublished":"2023-04-20T12:45:16+00:00","dateModified":"2025-07-12T17:37:01+00:00","breadcrumb":{"@id":"https:\/\/aponi-innovation.de\/en\/privacy-policy\/#breadcrumb"},"inLanguage":"en-US","potentialAction":[{"@type":"ReadAction","target":["https:\/\/aponi-innovation.de\/en\/privacy-policy\/"]}]},{"@type":"BreadcrumbList","@id":"https:\/\/aponi-innovation.de\/en\/privacy-policy\/#breadcrumb","itemListElement":[{"@type":"ListItem","position":1,"name":"Startseite","item":"https:\/\/aponi-innovation.de\/en\/"},{"@type":"ListItem","position":2,"name":"Privacy Policy"}]},{"@type":"WebSite","@id":"https:\/\/aponi-innovation.de\/en\/#website","url":"https:\/\/aponi-innovation.de\/en\/","name":"Aponi-Innovation GmbH","description":"","publisher":{"@id":"https:\/\/aponi-innovation.de\/en\/#organization"},"potentialAction":[{"@type":"SearchAction","target":{"@type":"EntryPoint","urlTemplate":"https:\/\/aponi-innovation.de\/en\/?s={search_term_string}"},"query-input":{"@type":"PropertyValueSpecification","valueRequired":true,"valueName":"search_term_string"}}],"inLanguage":"en-US"},{"@type":"Organization","@id":"https:\/\/aponi-innovation.de\/en\/#organization","name":"Omega Tools","url":"https:\/\/aponi-innovation.de\/en\/","logo":{"@type":"ImageObject","inLanguage":"en-US","@id":"https:\/\/aponi-innovation.de\/en\/#\/schema\/logo\/image\/","url":"https:\/\/tools.omega-drones.de\/wp-content\/uploads\/2023\/03\/omega-tools-logo-center_4c-Kopie.jpg","contentUrl":"https:\/\/tools.omega-drones.de\/wp-content\/uploads\/2023\/03\/omega-tools-logo-center_4c-Kopie.jpg","width":1363,"height":1138,"caption":"Omega Tools"},"image":{"@id":"https:\/\/aponi-innovation.de\/en\/#\/schema\/logo\/image\/"}}]}},"_links":{"self":[{"href":"https:\/\/aponi-innovation.de\/en\/wp-json\/wp\/v2\/pages\/5248","targetHints":{"allow":["GET"]}}],"collection":[{"href":"https:\/\/aponi-innovation.de\/en\/wp-json\/wp\/v2\/pages"}],"about":[{"href":"https:\/\/aponi-innovation.de\/en\/wp-json\/wp\/v2\/types\/page"}],"author":[{"embeddable":true,"href":"https:\/\/aponi-innovation.de\/en\/wp-json\/wp\/v2\/users\/1"}],"replies":[{"embeddable":true,"href":"https:\/\/aponi-innovation.de\/en\/wp-json\/wp\/v2\/comments?post=5248"}],"version-history":[{"count":1,"href":"https:\/\/aponi-innovation.de\/en\/wp-json\/wp\/v2\/pages\/5248\/revisions"}],"predecessor-version":[{"id":5249,"href":"https:\/\/aponi-innovation.de\/en\/wp-json\/wp\/v2\/pages\/5248\/revisions\/5249"}],"wp:attachment":[{"href":"https:\/\/aponi-innovation.de\/en\/wp-json\/wp\/v2\/media?parent=5248"}],"curies":[{"name":"wp","href":"https:\/\/api.w.org\/{rel}","templated":true}]}}